{"id":2600,"date":"2025-11-04T23:42:00","date_gmt":"2025-11-04T23:42:00","guid":{"rendered":"https:\/\/www.pictrue.it\/innovacion\/"},"modified":"2025-12-16T18:57:10","modified_gmt":"2025-12-16T18:57:10","slug":"innovacion","status":"publish","type":"page","link":"https:\/\/www.pictrue.it\/es\/innovacion\/","title":{"rendered":"INNOVACI\u00d3N"},"content":{"rendered":"\t\t<div data-elementor-type=\"wp-page\" data-elementor-id=\"2600\" class=\"elementor elementor-2600 elementor-2095\" data-elementor-post-type=\"page\">\n\t\t\t\t\t\t<section class=\"elementor-section elementor-top-section elementor-element elementor-element-eea5e96 elementor-section-height-min-height elementor-section-content-middle elementor-reverse-mobile elementor-section-boxed elementor-section-height-default elementor-section-items-middle wpr-particle-no wpr-jarallax-no wpr-parallax-no wpr-sticky-section-no\" data-id=\"eea5e96\" data-element_type=\"section\" data-e-type=\"section\" data-settings=\"{&quot;background_background&quot;:&quot;classic&quot;}\">\n\t\t\t\t\t\t<div class=\"elementor-container elementor-column-gap-no\">\n\t\t\t\t\t<div class=\"elementor-column elementor-col-100 elementor-top-column elementor-element elementor-element-5e97d13d\" data-id=\"5e97d13d\" data-element_type=\"column\" data-e-type=\"column\">\n\t\t\t<div class=\"elementor-widget-wrap elementor-element-populated\">\n\t\t\t\t\t\t<div class=\"elementor-element elementor-element-1fdb6da3 elementor-widget elementor-widget-heading\" data-id=\"1fdb6da3\" data-element_type=\"widget\" data-e-type=\"widget\" data-widget_type=\"heading.default\">\n\t\t\t\t<div class=\"elementor-widget-container\">\n\t\t\t\t\t<h2 class=\"elementor-heading-title elementor-size-default\">Autenticidad, Seguridad, Independencia.<\/h2>\t\t\t\t<\/div>\n\t\t\t\t<\/div>\n\t\t\t\t<div class=\"elementor-element elementor-element-81c7d86 elementor-widget elementor-widget-heading\" data-id=\"81c7d86\" data-element_type=\"widget\" data-e-type=\"widget\" data-widget_type=\"heading.default\">\n\t\t\t\t<div class=\"elementor-widget-container\">\n\t\t\t\t\t<h2 class=\"elementor-heading-title elementor-size-default\">Un ecosistema digital que certifica toda la cadena de custodia, desde el acto de creaci\u00f3n de la imagen hasta su uso<\/h2>\t\t\t\t<\/div>\n\t\t\t\t<\/div>\n\t\t\t\t\t<\/div>\n\t\t<\/div>\n\t\t\t\t\t<\/div>\n\t\t<\/section>\n\t\t\t\t<section class=\"elementor-section elementor-top-section elementor-element elementor-element-716ea16d elementor-section-height-min-height elementor-section-boxed elementor-section-height-default elementor-section-items-middle wpr-particle-no wpr-jarallax-no wpr-parallax-no wpr-sticky-section-no\" data-id=\"716ea16d\" data-element_type=\"section\" data-e-type=\"section\" data-settings=\"{&quot;background_background&quot;:&quot;classic&quot;}\">\n\t\t\t\t\t\t<div class=\"elementor-container elementor-column-gap-default\">\n\t\t\t\t\t<div class=\"elementor-column elementor-col-100 elementor-top-column elementor-element elementor-element-3e314e89\" data-id=\"3e314e89\" data-element_type=\"column\" data-e-type=\"column\">\n\t\t\t<div class=\"elementor-widget-wrap elementor-element-populated\">\n\t\t\t\t\t\t<div class=\"elementor-element elementor-element-669fdacd elementor-widget elementor-widget-heading\" data-id=\"669fdacd\" data-element_type=\"widget\" data-e-type=\"widget\" data-widget_type=\"heading.default\">\n\t\t\t\t<div class=\"elementor-widget-container\">\n\t\t\t\t\t<h2 class=\"elementor-heading-title elementor-size-default\">NUESTRA TECNOLOG\u00cdA<\/h2>\t\t\t\t<\/div>\n\t\t\t\t<\/div>\n\t\t\t\t<div class=\"elementor-element elementor-element-4eda0f9b elementor-widget elementor-widget-heading\" data-id=\"4eda0f9b\" data-element_type=\"widget\" data-e-type=\"widget\" data-widget_type=\"heading.default\">\n\t\t\t\t<div class=\"elementor-widget-container\">\n\t\t\t\t\t<h2 class=\"elementor-heading-title elementor-size-default\">\u00bfPor qu\u00e9 es diferente?<\/h2>\t\t\t\t<\/div>\n\t\t\t\t<\/div>\n\t\t\t\t<section class=\"elementor-section elementor-inner-section elementor-element elementor-element-23b543da elementor-section-boxed elementor-section-height-default elementor-section-height-default wpr-particle-no wpr-jarallax-no wpr-parallax-no wpr-sticky-section-no\" data-id=\"23b543da\" data-element_type=\"section\" data-e-type=\"section\">\n\t\t\t\t\t\t<div class=\"elementor-container elementor-column-gap-default\">\n\t\t\t\t\t<div class=\"elementor-column elementor-col-33 elementor-inner-column elementor-element elementor-element-787fad63\" data-id=\"787fad63\" data-element_type=\"column\" data-e-type=\"column\">\n\t\t\t<div class=\"elementor-widget-wrap elementor-element-populated\">\n\t\t\t\t\t\t<div class=\"elementor-element elementor-element-1650da7a elementor-widget elementor-widget-image\" data-id=\"1650da7a\" data-element_type=\"widget\" data-e-type=\"widget\" data-widget_type=\"image.default\">\n\t\t\t\t<div class=\"elementor-widget-container\">\n\t\t\t\t\t\t\t\t\t\t\t\t\t\t\t<img decoding=\"async\" width=\"176\" height=\"201\" src=\"https:\/\/www.pictrue.it\/wp-content\/uploads\/2025\/11\/22.png\" class=\"attachment-large size-large wp-image-2562\" alt=\"\" \/>\t\t\t\t\t\t\t\t\t\t\t\t\t\t\t<\/div>\n\t\t\t\t<\/div>\n\t\t\t\t<div class=\"elementor-element elementor-element-46a54e4a elementor-widget elementor-widget-heading\" data-id=\"46a54e4a\" data-element_type=\"widget\" data-e-type=\"widget\" data-widget_type=\"heading.default\">\n\t\t\t\t<div class=\"elementor-widget-container\">\n\t\t\t\t\t<h2 class=\"elementor-heading-title elementor-size-default\">Fiabilidad<\/h2>\t\t\t\t<\/div>\n\t\t\t\t<\/div>\n\t\t\t\t<div class=\"elementor-element elementor-element-18389fb7 elementor-widget elementor-widget-text-editor\" data-id=\"18389fb7\" data-element_type=\"widget\" data-e-type=\"widget\" data-widget_type=\"text-editor.default\">\n\t\t\t\t<div class=\"elementor-widget-container\">\n\t\t\t\t\t\t\t\t\tDetectamos cualquier violaci\u00f3n de la seguridad, incluso en caso de restablecimiento de f\u00e1brica del dispositivo.\t\t\t\t\t\t\t\t<\/div>\n\t\t\t\t<\/div>\n\t\t\t\t\t<\/div>\n\t\t<\/div>\n\t\t\t\t<div class=\"elementor-column elementor-col-33 elementor-inner-column elementor-element elementor-element-1c57895\" data-id=\"1c57895\" data-element_type=\"column\" data-e-type=\"column\">\n\t\t\t<div class=\"elementor-widget-wrap elementor-element-populated\">\n\t\t\t\t\t\t<div class=\"elementor-element elementor-element-3d36686 elementor-widget elementor-widget-image\" data-id=\"3d36686\" data-element_type=\"widget\" data-e-type=\"widget\" data-widget_type=\"image.default\">\n\t\t\t\t<div class=\"elementor-widget-container\">\n\t\t\t\t\t\t\t\t\t\t\t\t\t\t\t<img decoding=\"async\" width=\"192\" height=\"191\" src=\"https:\/\/www.pictrue.it\/wp-content\/uploads\/2025\/11\/23.png\" class=\"attachment-large size-large wp-image-2563\" alt=\"\" srcset=\"https:\/\/www.pictrue.it\/wp-content\/uploads\/2025\/11\/23.png 192w, https:\/\/www.pictrue.it\/wp-content\/uploads\/2025\/11\/23-150x150.png 150w\" sizes=\"(max-width: 192px) 100vw, 192px\" \/>\t\t\t\t\t\t\t\t\t\t\t\t\t\t\t<\/div>\n\t\t\t\t<\/div>\n\t\t\t\t<div class=\"elementor-element elementor-element-ba1aa13 elementor-widget elementor-widget-heading\" data-id=\"ba1aa13\" data-element_type=\"widget\" data-e-type=\"widget\" data-widget_type=\"heading.default\">\n\t\t\t\t<div class=\"elementor-widget-container\">\n\t\t\t\t\t<h2 class=\"elementor-heading-title elementor-size-default\">Seguridad<\/h2>\t\t\t\t<\/div>\n\t\t\t\t<\/div>\n\t\t\t\t<div class=\"elementor-element elementor-element-fbb05ef elementor-widget elementor-widget-text-editor\" data-id=\"fbb05ef\" data-element_type=\"widget\" data-e-type=\"widget\" data-widget_type=\"text-editor.default\">\n\t\t\t\t<div class=\"elementor-widget-container\">\n\t\t\t\t\t\t\t\t\tVerificaci\u00f3n permanente de la fuente, del contenido y del dispositivo.\t\t\t\t\t\t\t\t<\/div>\n\t\t\t\t<\/div>\n\t\t\t\t\t<\/div>\n\t\t<\/div>\n\t\t\t\t<div class=\"elementor-column elementor-col-33 elementor-inner-column elementor-element elementor-element-24fe08e8\" data-id=\"24fe08e8\" data-element_type=\"column\" data-e-type=\"column\">\n\t\t\t<div class=\"elementor-widget-wrap elementor-element-populated\">\n\t\t\t\t\t\t<div class=\"elementor-element elementor-element-761944e9 elementor-widget elementor-widget-image\" data-id=\"761944e9\" data-element_type=\"widget\" data-e-type=\"widget\" data-widget_type=\"image.default\">\n\t\t\t\t<div class=\"elementor-widget-container\">\n\t\t\t\t\t\t\t\t\t\t\t\t\t\t\t<img decoding=\"async\" width=\"153\" height=\"188\" src=\"https:\/\/www.pictrue.it\/wp-content\/uploads\/2025\/11\/24.png\" class=\"attachment-large size-large wp-image-2564\" alt=\"\" \/>\t\t\t\t\t\t\t\t\t\t\t\t\t\t\t<\/div>\n\t\t\t\t<\/div>\n\t\t\t\t<div class=\"elementor-element elementor-element-3519ad17 elementor-widget elementor-widget-heading\" data-id=\"3519ad17\" data-element_type=\"widget\" data-e-type=\"widget\" data-widget_type=\"heading.default\">\n\t\t\t\t<div class=\"elementor-widget-container\">\n\t\t\t\t\t<h2 class=\"elementor-heading-title elementor-size-default\">Confidencialidad<\/h2>\t\t\t\t<\/div>\n\t\t\t\t<\/div>\n\t\t\t\t<div class=\"elementor-element elementor-element-43a62258 elementor-widget elementor-widget-text-editor\" data-id=\"43a62258\" data-element_type=\"widget\" data-e-type=\"widget\" data-widget_type=\"text-editor.default\">\n\t\t\t\t<div class=\"elementor-widget-container\">\n\t\t\t\t\t\t\t\t\tNi siquiera picT\u042fUE puede acceder a sus datos, porque la privacidad no es una etiqueta.\t\t\t\t\t\t\t\t<\/div>\n\t\t\t\t<\/div>\n\t\t\t\t\t<\/div>\n\t\t<\/div>\n\t\t\t\t\t<\/div>\n\t\t<\/section>\n\t\t\t\t\t<\/div>\n\t\t<\/div>\n\t\t\t\t\t<\/div>\n\t\t<\/section>\n\t\t\t\t<section class=\"elementor-section elementor-top-section elementor-element elementor-element-3fd8dddd elementor-section-height-min-height elementor-section-content-middle elementor-section-boxed elementor-section-height-default elementor-section-items-middle wpr-particle-no wpr-jarallax-no wpr-parallax-no wpr-sticky-section-no\" data-id=\"3fd8dddd\" data-element_type=\"section\" data-e-type=\"section\" data-settings=\"{&quot;background_background&quot;:&quot;classic&quot;}\">\n\t\t\t\t\t\t<div class=\"elementor-container elementor-column-gap-default\">\n\t\t\t\t\t<div class=\"elementor-column elementor-col-100 elementor-top-column elementor-element elementor-element-362fe6b7\" data-id=\"362fe6b7\" data-element_type=\"column\" data-e-type=\"column\">\n\t\t\t<div class=\"elementor-widget-wrap elementor-element-populated\">\n\t\t\t\t\t\t<div class=\"elementor-element elementor-element-5cbb8dad elementor-widget elementor-widget-heading\" data-id=\"5cbb8dad\" data-element_type=\"widget\" data-e-type=\"widget\" data-widget_type=\"heading.default\">\n\t\t\t\t<div class=\"elementor-widget-container\">\n\t\t\t\t\t<h2 class=\"elementor-heading-title elementor-size-default\">la soluci\u00f3n<\/h2>\t\t\t\t<\/div>\n\t\t\t\t<\/div>\n\t\t\t\t<div class=\"elementor-element elementor-element-1d0136a5 elementor-widget elementor-widget-text-editor\" data-id=\"1d0136a5\" data-element_type=\"widget\" data-e-type=\"widget\" data-widget_type=\"text-editor.default\">\n\t\t\t\t<div class=\"elementor-widget-container\">\n\t\t\t\t\t\t\t\t\tArquitectura\t\t\t\t\t\t\t\t<\/div>\n\t\t\t\t<\/div>\n\t\t\t\t<div class=\"elementor-element elementor-element-746768a5 elementor-widget elementor-widget-text-editor\" data-id=\"746768a5\" data-element_type=\"widget\" data-e-type=\"widget\" data-widget_type=\"text-editor.default\">\n\t\t\t\t<div class=\"elementor-widget-container\">\n\t\t\t\t\t\t\t\t\tDispositivo certificado \u2192 Infraestructura de nube privada \u2192 Entorno de trabajo\t\t\t\t\t\t\t\t<\/div>\n\t\t\t\t<\/div>\n\t\t\t\t<section class=\"elementor-section elementor-inner-section elementor-element elementor-element-1c6fcece elementor-reverse-mobile elementor-section-boxed elementor-section-height-default elementor-section-height-default wpr-particle-no wpr-jarallax-no wpr-parallax-no wpr-sticky-section-no\" data-id=\"1c6fcece\" data-element_type=\"section\" data-e-type=\"section\">\n\t\t\t\t\t\t<div class=\"elementor-container elementor-column-gap-default\">\n\t\t\t\t\t<div class=\"elementor-column elementor-col-50 elementor-inner-column elementor-element elementor-element-7e85294e\" data-id=\"7e85294e\" data-element_type=\"column\" data-e-type=\"column\">\n\t\t\t<div class=\"elementor-widget-wrap elementor-element-populated\">\n\t\t\t\t\t\t<div class=\"elementor-element elementor-element-f4f918b elementor-widget elementor-widget-text-editor\" data-id=\"f4f918b\" data-element_type=\"widget\" data-e-type=\"widget\" data-widget_type=\"text-editor.default\">\n\t\t\t\t<div class=\"elementor-widget-container\">\n\t\t\t\t\t\t\t\t\tNo delegamos la verificaci\u00f3n\nde la realidad a tecnolog\u00edas externas\no basadas en la IA. La realidad debe seguir siendo Accesible, Verificable\ne Independiente  \t\t\t\t\t\t\t\t<\/div>\n\t\t\t\t<\/div>\n\t\t\t\t\t<\/div>\n\t\t<\/div>\n\t\t\t\t<div class=\"elementor-column elementor-col-50 elementor-inner-column elementor-element elementor-element-3b23c3de\" data-id=\"3b23c3de\" data-element_type=\"column\" data-e-type=\"column\">\n\t\t\t<div class=\"elementor-widget-wrap elementor-element-populated\">\n\t\t\t\t\t\t<div class=\"elementor-element elementor-element-2030bae elementor-widget elementor-widget-image\" data-id=\"2030bae\" data-element_type=\"widget\" data-e-type=\"widget\" data-widget_type=\"image.default\">\n\t\t\t\t<div class=\"elementor-widget-container\">\n\t\t\t\t\t\t\t\t\t\t\t\t\t\t\t<img loading=\"lazy\" decoding=\"async\" width=\"524\" height=\"687\" src=\"https:\/\/www.pictrue.it\/wp-content\/uploads\/2025\/11\/39.png\" class=\"attachment-large size-large wp-image-2578\" alt=\"\" srcset=\"https:\/\/www.pictrue.it\/wp-content\/uploads\/2025\/11\/39.png 524w, https:\/\/www.pictrue.it\/wp-content\/uploads\/2025\/11\/39-229x300.png 229w\" sizes=\"(max-width: 524px) 100vw, 524px\" \/>\t\t\t\t\t\t\t\t\t\t\t\t\t\t\t<\/div>\n\t\t\t\t<\/div>\n\t\t\t\t\t<\/div>\n\t\t<\/div>\n\t\t\t\t\t<\/div>\n\t\t<\/section>\n\t\t\t\t\t<\/div>\n\t\t<\/div>\n\t\t\t\t\t<\/div>\n\t\t<\/section>\n\t\t\t\t<\/div>\n\t\t","protected":false},"excerpt":{"rendered":"<p>Autenticidad, Seguridad, Independencia. Un ecosistema digital que certifica toda la cadena de custodia, desde el acto de creaci\u00f3n de la imagen hasta su uso NUESTRA TECNOLOG\u00cdA \u00bfPor qu\u00e9 es diferente? Fiabilidad Detectamos cualquier violaci\u00f3n de la seguridad, incluso en caso de restablecimiento de f\u00e1brica del dispositivo. Seguridad Verificaci\u00f3n permanente de la fuente, del contenido y del dispositivo. Confidencialidad Ni siquiera picT\u042fUE puede acceder a sus datos, porque la privacidad no es una etiqueta. la soluci\u00f3n ArquitecturaDispositivo certificado \u2192 Infraestructura de nube privada \u2192 Entorno de trabajoNo delegamos la verificaci\u00f3n de la realidad a tecnolog\u00edas externas o basadas en la IA. La realidad debe seguir siendo Accesible, Verificable e Independiente<\/p>\n","protected":false},"author":11,"featured_media":0,"parent":0,"menu_order":0,"comment_status":"closed","ping_status":"closed","template":"elementor_header_footer","meta":{"site-sidebar-layout":"no-sidebar","site-content-layout":"","ast-site-content-layout":"full-width-container","site-content-style":"default","site-sidebar-style":"default","ast-global-header-display":"","ast-banner-title-visibility":"","ast-main-header-display":"","ast-hfb-above-header-display":"","ast-hfb-below-header-display":"","ast-hfb-mobile-header-display":"","site-post-title":"disabled","ast-breadcrumbs-content":"","ast-featured-img":"disabled","footer-sml-layout":"","theme-transparent-header-meta":"","adv-header-id-meta":"","stick-header-meta":"","header-above-stick-meta":"","header-main-stick-meta":"","header-below-stick-meta":"","astra-migrate-meta-layouts":"default","ast-page-background-enabled":"default","ast-page-background-meta":{"desktop":{"background-color":"var(--ast-global-color-4)","background-image":"","background-repeat":"repeat","background-position":"center center","background-size":"auto","background-attachment":"scroll","background-type":"","background-media":"","overlay-type":"","overlay-color":"","overlay-opacity":"","overlay-gradient":""},"tablet":{"background-color":"","background-image":"","background-repeat":"repeat","background-position":"center center","background-size":"auto","background-attachment":"scroll","background-type":"","background-media":"","overlay-type":"","overlay-color":"","overlay-opacity":"","overlay-gradient":""},"mobile":{"background-color":"","background-image":"","background-repeat":"repeat","background-position":"center center","background-size":"auto","background-attachment":"scroll","background-type":"","background-media":"","overlay-type":"","overlay-color":"","overlay-opacity":"","overlay-gradient":""}},"ast-content-background-meta":{"desktop":{"background-color":"var(--ast-global-color-5)","background-image":"","background-repeat":"repeat","background-position":"center center","background-size":"auto","background-attachment":"scroll","background-type":"","background-media":"","overlay-type":"","overlay-color":"","overlay-opacity":"","overlay-gradient":""},"tablet":{"background-color":"var(--ast-global-color-5)","background-image":"","background-repeat":"repeat","background-position":"center center","background-size":"auto","background-attachment":"scroll","background-type":"","background-media":"","overlay-type":"","overlay-color":"","overlay-opacity":"","overlay-gradient":""},"mobile":{"background-color":"var(--ast-global-color-5)","background-image":"","background-repeat":"repeat","background-position":"center center","background-size":"auto","background-attachment":"scroll","background-type":"","background-media":"","overlay-type":"","overlay-color":"","overlay-opacity":"","overlay-gradient":""}},"footnotes":""},"class_list":["post-2600","page","type-page","status-publish","hentry"],"yoast_head":"\n<title>INNOVACI\u00d3N - Pictrue<\/title>\n<meta name=\"description\" content=\"Pictrue es la plataforma digital \u201cMADE IN ITALY\u201d nacida para restablecer la credibilidad en la relacion entre il mundo y su representacion digital\" \/>\n<meta name=\"robots\" content=\"index, follow, max-snippet:-1, max-image-preview:large, max-video-preview:-1\" \/>\n<link rel=\"canonical\" href=\"https:\/\/www.pictrue.it\/es\/innovacion\/\" \/>\n<meta property=\"og:locale\" content=\"es_ES\" \/>\n<meta property=\"og:type\" content=\"article\" \/>\n<meta property=\"og:title\" content=\"Innovaci\u00f3n - Pictrue\" \/>\n<meta property=\"og:description\" content=\"Pictrue es la plataforma digital \u201cMADE IN ITALY\u201d nacida para restablecer la credibilidad en la relacion entre il mundo y su representacion digital\" \/>\n<meta property=\"og:url\" content=\"https:\/\/www.pictrue.it\/es\/innovacion\/\" \/>\n<meta property=\"og:site_name\" content=\"Pictrue\" \/>\n<meta property=\"article:publisher\" content=\"https:\/\/www.facebook.com\/profile.php?id=61578170397146&amp;mibextid=wwXIfr&amp;rdid=R3hAs3kkzE8Vl2wJ&amp;share_url=httpswww.facebook.comshare14QCuTaX38amibextidwwXIfr#\" \/>\n<meta property=\"article:modified_time\" content=\"2025-12-16T18:57:10+00:00\" \/>\n<meta property=\"og:image\" content=\"https:\/\/www.pictrue.it\/wp-content\/uploads\/2025\/11\/3.png\" \/>\n<meta name=\"twitter:card\" content=\"summary_large_image\" \/>\n<meta name=\"twitter:label1\" content=\"Tiempo de lectura\" \/>\n\t<meta name=\"twitter:data1\" content=\"1 minuto\" \/>\n<script type=\"application\/ld+json\" class=\"yoast-schema-graph\">{\"@context\":\"https:\/\/schema.org\",\"@graph\":[{\"@type\":\"WebPage\",\"@id\":\"https:\/\/www.pictrue.it\/es\/innovacion\/\",\"url\":\"https:\/\/www.pictrue.it\/es\/innovacion\/\",\"name\":\"INNOVACI\u00d3N - Pictrue\",\"isPartOf\":{\"@id\":\"https:\/\/www.pictrue.it\/es\/#website\"},\"primaryImageOfPage\":{\"@id\":\"https:\/\/www.pictrue.it\/es\/innovacion\/#primaryimage\"},\"image\":{\"@id\":\"https:\/\/www.pictrue.it\/es\/innovacion\/#primaryimage\"},\"thumbnailUrl\":\"https:\/\/www.pictrue.it\/wp-content\/uploads\/2025\/11\/22.png\",\"datePublished\":\"2025-11-04T23:42:00+00:00\",\"dateModified\":\"2025-12-16T18:57:10+00:00\",\"description\":\"Pictrue es la plataforma digital \u201cMADE IN ITALY\u201d nacida para restablecer la credibilidad en la relacion entre il mundo y su representacion digital\",\"breadcrumb\":{\"@id\":\"https:\/\/www.pictrue.it\/es\/innovacion\/#breadcrumb\"},\"inLanguage\":\"es\",\"potentialAction\":[{\"@type\":\"ReadAction\",\"target\":[\"https:\/\/www.pictrue.it\/es\/innovacion\/\"]}]},{\"@type\":\"ImageObject\",\"inLanguage\":\"es\",\"@id\":\"https:\/\/www.pictrue.it\/es\/innovacion\/#primaryimage\",\"url\":\"https:\/\/www.pictrue.it\/wp-content\/uploads\/2025\/11\/22.png\",\"contentUrl\":\"https:\/\/www.pictrue.it\/wp-content\/uploads\/2025\/11\/22.png\"},{\"@type\":\"BreadcrumbList\",\"@id\":\"https:\/\/www.pictrue.it\/es\/innovacion\/#breadcrumb\",\"itemListElement\":[{\"@type\":\"ListItem\",\"position\":1,\"name\":\"Home\",\"item\":\"https:\/\/www.pictrue.it\/es\/home\/\"},{\"@type\":\"ListItem\",\"position\":2,\"name\":\"INNOVACI\u00d3N\"}]},{\"@type\":\"WebSite\",\"@id\":\"https:\/\/www.pictrue.it\/es\/#website\",\"url\":\"https:\/\/www.pictrue.it\/es\/\",\"name\":\"Pictrue\",\"description\":\"\",\"publisher\":{\"@id\":\"https:\/\/www.pictrue.it\/es\/#organization\"},\"potentialAction\":[{\"@type\":\"SearchAction\",\"target\":{\"@type\":\"EntryPoint\",\"urlTemplate\":\"https:\/\/www.pictrue.it\/es\/?s={search_term_string}\"},\"query-input\":{\"@type\":\"PropertyValueSpecification\",\"valueRequired\":true,\"valueName\":\"search_term_string\"}}],\"inLanguage\":\"es\"},{\"@type\":\"Organization\",\"@id\":\"https:\/\/www.pictrue.it\/es\/#organization\",\"name\":\"Pictrue\",\"url\":\"https:\/\/www.pictrue.it\/es\/\",\"logo\":{\"@type\":\"ImageObject\",\"inLanguage\":\"es\",\"@id\":\"https:\/\/www.pictrue.it\/es\/#\/schema\/logo\/image\/\",\"url\":\"https:\/\/www.pictrue.it\/wp-content\/uploads\/2025\/11\/3.png\",\"contentUrl\":\"https:\/\/www.pictrue.it\/wp-content\/uploads\/2025\/11\/3.png\",\"width\":1323,\"height\":333,\"caption\":\"Pictrue\"},\"image\":{\"@id\":\"https:\/\/www.pictrue.it\/es\/#\/schema\/logo\/image\/\"},\"sameAs\":[\"https:\/\/www.facebook.com\/profile.php?id=61578170397146&mibextid=wwXIfr&rdid=R3hAs3kkzE8Vl2wJ&share_url=httpswww.facebook.comshare14QCuTaX38amibextidwwXIfr#\",\"https:\/\/www.linkedin.com\/company\/pictrue\/\",\"https:\/\/www.instagram.com\/pictrue_it\/\"]}]}<\/script>\n","yoast_head_json":{"title":"INNOVACI\u00d3N - Pictrue","description":"Pictrue es la plataforma digital \u201cMADE IN ITALY\u201d nacida para restablecer la credibilidad en la relacion entre il mundo y su representacion digital","robots":{"index":"index","follow":"follow","max-snippet":"max-snippet:-1","max-image-preview":"max-image-preview:large","max-video-preview":"max-video-preview:-1"},"canonical":"https:\/\/www.pictrue.it\/es\/innovacion\/","og_locale":"es_ES","og_type":"article","og_title":"Innovaci\u00f3n - Pictrue","og_description":"Pictrue es la plataforma digital \u201cMADE IN ITALY\u201d nacida para restablecer la credibilidad en la relacion entre il mundo y su representacion digital","og_url":"https:\/\/www.pictrue.it\/es\/innovacion\/","og_site_name":"Pictrue","article_publisher":"https:\/\/www.facebook.com\/profile.php?id=61578170397146&mibextid=wwXIfr&rdid=R3hAs3kkzE8Vl2wJ&share_url=httpswww.facebook.comshare14QCuTaX38amibextidwwXIfr#","article_modified_time":"2025-12-16T18:57:10+00:00","og_image":[{"url":"https:\/\/www.pictrue.it\/wp-content\/uploads\/2025\/11\/3.png","type":"","width":"","height":""}],"twitter_card":"summary_large_image","twitter_misc":{"Tiempo de lectura":"1 minuto"},"schema":{"@context":"https:\/\/schema.org","@graph":[{"@type":"WebPage","@id":"https:\/\/www.pictrue.it\/es\/innovacion\/","url":"https:\/\/www.pictrue.it\/es\/innovacion\/","name":"INNOVACI\u00d3N - Pictrue","isPartOf":{"@id":"https:\/\/www.pictrue.it\/es\/#website"},"primaryImageOfPage":{"@id":"https:\/\/www.pictrue.it\/es\/innovacion\/#primaryimage"},"image":{"@id":"https:\/\/www.pictrue.it\/es\/innovacion\/#primaryimage"},"thumbnailUrl":"https:\/\/www.pictrue.it\/wp-content\/uploads\/2025\/11\/22.png","datePublished":"2025-11-04T23:42:00+00:00","dateModified":"2025-12-16T18:57:10+00:00","description":"Pictrue es la plataforma digital \u201cMADE IN ITALY\u201d nacida para restablecer la credibilidad en la relacion entre il mundo y su representacion digital","breadcrumb":{"@id":"https:\/\/www.pictrue.it\/es\/innovacion\/#breadcrumb"},"inLanguage":"es","potentialAction":[{"@type":"ReadAction","target":["https:\/\/www.pictrue.it\/es\/innovacion\/"]}]},{"@type":"ImageObject","inLanguage":"es","@id":"https:\/\/www.pictrue.it\/es\/innovacion\/#primaryimage","url":"https:\/\/www.pictrue.it\/wp-content\/uploads\/2025\/11\/22.png","contentUrl":"https:\/\/www.pictrue.it\/wp-content\/uploads\/2025\/11\/22.png"},{"@type":"BreadcrumbList","@id":"https:\/\/www.pictrue.it\/es\/innovacion\/#breadcrumb","itemListElement":[{"@type":"ListItem","position":1,"name":"Home","item":"https:\/\/www.pictrue.it\/es\/home\/"},{"@type":"ListItem","position":2,"name":"INNOVACI\u00d3N"}]},{"@type":"WebSite","@id":"https:\/\/www.pictrue.it\/es\/#website","url":"https:\/\/www.pictrue.it\/es\/","name":"Pictrue","description":"","publisher":{"@id":"https:\/\/www.pictrue.it\/es\/#organization"},"potentialAction":[{"@type":"SearchAction","target":{"@type":"EntryPoint","urlTemplate":"https:\/\/www.pictrue.it\/es\/?s={search_term_string}"},"query-input":{"@type":"PropertyValueSpecification","valueRequired":true,"valueName":"search_term_string"}}],"inLanguage":"es"},{"@type":"Organization","@id":"https:\/\/www.pictrue.it\/es\/#organization","name":"Pictrue","url":"https:\/\/www.pictrue.it\/es\/","logo":{"@type":"ImageObject","inLanguage":"es","@id":"https:\/\/www.pictrue.it\/es\/#\/schema\/logo\/image\/","url":"https:\/\/www.pictrue.it\/wp-content\/uploads\/2025\/11\/3.png","contentUrl":"https:\/\/www.pictrue.it\/wp-content\/uploads\/2025\/11\/3.png","width":1323,"height":333,"caption":"Pictrue"},"image":{"@id":"https:\/\/www.pictrue.it\/es\/#\/schema\/logo\/image\/"},"sameAs":["https:\/\/www.facebook.com\/profile.php?id=61578170397146&mibextid=wwXIfr&rdid=R3hAs3kkzE8Vl2wJ&share_url=httpswww.facebook.comshare14QCuTaX38amibextidwwXIfr#","https:\/\/www.linkedin.com\/company\/pictrue\/","https:\/\/www.instagram.com\/pictrue_it\/"]}]}},"_links":{"self":[{"href":"https:\/\/www.pictrue.it\/es\/wp-json\/wp\/v2\/pages\/2600","targetHints":{"allow":["GET"]}}],"collection":[{"href":"https:\/\/www.pictrue.it\/es\/wp-json\/wp\/v2\/pages"}],"about":[{"href":"https:\/\/www.pictrue.it\/es\/wp-json\/wp\/v2\/types\/page"}],"author":[{"embeddable":true,"href":"https:\/\/www.pictrue.it\/es\/wp-json\/wp\/v2\/users\/11"}],"replies":[{"embeddable":true,"href":"https:\/\/www.pictrue.it\/es\/wp-json\/wp\/v2\/comments?post=2600"}],"version-history":[{"count":2,"href":"https:\/\/www.pictrue.it\/es\/wp-json\/wp\/v2\/pages\/2600\/revisions"}],"predecessor-version":[{"id":2602,"href":"https:\/\/www.pictrue.it\/es\/wp-json\/wp\/v2\/pages\/2600\/revisions\/2602"}],"wp:attachment":[{"href":"https:\/\/www.pictrue.it\/es\/wp-json\/wp\/v2\/media?parent=2600"}],"curies":[{"name":"wp","href":"https:\/\/api.w.org\/{rel}","templated":true}]}}