{"id":2407,"date":"2025-11-04T23:42:00","date_gmt":"2025-11-04T23:42:00","guid":{"rendered":"https:\/\/www.pictrue.it\/innovation\/"},"modified":"2025-12-16T16:56:11","modified_gmt":"2025-12-16T16:56:11","slug":"innovation","status":"publish","type":"page","link":"https:\/\/www.pictrue.it\/de\/innovation\/","title":{"rendered":"INNOVATION"},"content":{"rendered":"\t\t<div data-elementor-type=\"wp-page\" data-elementor-id=\"2407\" class=\"elementor elementor-2407 elementor-2095\" data-elementor-post-type=\"page\">\n\t\t\t\t\t\t<section class=\"elementor-section elementor-top-section elementor-element elementor-element-eea5e96 elementor-section-height-min-height elementor-section-content-middle elementor-reverse-mobile elementor-section-boxed elementor-section-height-default elementor-section-items-middle wpr-particle-no wpr-jarallax-no wpr-parallax-no wpr-sticky-section-no\" data-id=\"eea5e96\" data-element_type=\"section\" data-e-type=\"section\" data-settings=\"{&quot;background_background&quot;:&quot;classic&quot;}\">\n\t\t\t\t\t\t<div class=\"elementor-container elementor-column-gap-no\">\n\t\t\t\t\t<div class=\"elementor-column elementor-col-100 elementor-top-column elementor-element elementor-element-5e97d13d\" data-id=\"5e97d13d\" data-element_type=\"column\" data-e-type=\"column\">\n\t\t\t<div class=\"elementor-widget-wrap elementor-element-populated\">\n\t\t\t\t\t\t<div class=\"elementor-element elementor-element-1fdb6da3 elementor-widget elementor-widget-heading\" data-id=\"1fdb6da3\" data-element_type=\"widget\" data-e-type=\"widget\" data-widget_type=\"heading.default\">\n\t\t\t\t<div class=\"elementor-widget-container\">\n\t\t\t\t\t<h2 class=\"elementor-heading-title elementor-size-default\">Authentizit\u00e4t, Sicherheit, Unabh\u00e4ngigkeit.<\/h2>\t\t\t\t<\/div>\n\t\t\t\t<\/div>\n\t\t\t\t<div class=\"elementor-element elementor-element-81c7d86 elementor-widget elementor-widget-heading\" data-id=\"81c7d86\" data-element_type=\"widget\" data-e-type=\"widget\" data-widget_type=\"heading.default\">\n\t\t\t\t<div class=\"elementor-widget-container\">\n\t\t\t\t\t<h2 class=\"elementor-heading-title elementor-size-default\">Ein digitales \u00d6kosystem, das die gesamte \u00dcberwachungskette zertifiziert, von der Erstellung des Bildes bis zu seiner Nutzung<\/h2>\t\t\t\t<\/div>\n\t\t\t\t<\/div>\n\t\t\t\t\t<\/div>\n\t\t<\/div>\n\t\t\t\t\t<\/div>\n\t\t<\/section>\n\t\t\t\t<section class=\"elementor-section elementor-top-section elementor-element elementor-element-716ea16d elementor-section-height-min-height elementor-section-boxed elementor-section-height-default elementor-section-items-middle wpr-particle-no wpr-jarallax-no wpr-parallax-no wpr-sticky-section-no\" data-id=\"716ea16d\" data-element_type=\"section\" data-e-type=\"section\" data-settings=\"{&quot;background_background&quot;:&quot;classic&quot;}\">\n\t\t\t\t\t\t<div class=\"elementor-container elementor-column-gap-default\">\n\t\t\t\t\t<div class=\"elementor-column elementor-col-100 elementor-top-column elementor-element elementor-element-3e314e89\" data-id=\"3e314e89\" data-element_type=\"column\" data-e-type=\"column\">\n\t\t\t<div class=\"elementor-widget-wrap elementor-element-populated\">\n\t\t\t\t\t\t<div class=\"elementor-element elementor-element-669fdacd elementor-widget elementor-widget-heading\" data-id=\"669fdacd\" data-element_type=\"widget\" data-e-type=\"widget\" data-widget_type=\"heading.default\">\n\t\t\t\t<div class=\"elementor-widget-container\">\n\t\t\t\t\t<h2 class=\"elementor-heading-title elementor-size-default\">UNSERE TECHNOLOGIE<\/h2>\t\t\t\t<\/div>\n\t\t\t\t<\/div>\n\t\t\t\t<div class=\"elementor-element elementor-element-4eda0f9b elementor-widget elementor-widget-heading\" data-id=\"4eda0f9b\" data-element_type=\"widget\" data-e-type=\"widget\" data-widget_type=\"heading.default\">\n\t\t\t\t<div class=\"elementor-widget-container\">\n\t\t\t\t\t<h2 class=\"elementor-heading-title elementor-size-default\">Warum ist sie anders?<\/h2>\t\t\t\t<\/div>\n\t\t\t\t<\/div>\n\t\t\t\t<section class=\"elementor-section elementor-inner-section elementor-element elementor-element-23b543da elementor-section-boxed elementor-section-height-default elementor-section-height-default wpr-particle-no wpr-jarallax-no wpr-parallax-no wpr-sticky-section-no\" data-id=\"23b543da\" data-element_type=\"section\" data-e-type=\"section\">\n\t\t\t\t\t\t<div class=\"elementor-container elementor-column-gap-default\">\n\t\t\t\t\t<div class=\"elementor-column elementor-col-33 elementor-inner-column elementor-element elementor-element-787fad63\" data-id=\"787fad63\" data-element_type=\"column\" data-e-type=\"column\">\n\t\t\t<div class=\"elementor-widget-wrap elementor-element-populated\">\n\t\t\t\t\t\t<div class=\"elementor-element elementor-element-1650da7a elementor-widget elementor-widget-image\" data-id=\"1650da7a\" data-element_type=\"widget\" data-e-type=\"widget\" data-widget_type=\"image.default\">\n\t\t\t\t<div class=\"elementor-widget-container\">\n\t\t\t\t\t\t\t\t\t\t\t\t\t\t\t<img decoding=\"async\" width=\"176\" height=\"201\" src=\"https:\/\/www.pictrue.it\/wp-content\/uploads\/2025\/11\/22.png\" class=\"attachment-large size-large wp-image-2361\" alt=\"\" \/>\t\t\t\t\t\t\t\t\t\t\t\t\t\t\t<\/div>\n\t\t\t\t<\/div>\n\t\t\t\t<div class=\"elementor-element elementor-element-46a54e4a elementor-widget elementor-widget-heading\" data-id=\"46a54e4a\" data-element_type=\"widget\" data-e-type=\"widget\" data-widget_type=\"heading.default\">\n\t\t\t\t<div class=\"elementor-widget-container\">\n\t\t\t\t\t<h2 class=\"elementor-heading-title elementor-size-default\">Zuverl\u00e4ssigkeit<\/h2>\t\t\t\t<\/div>\n\t\t\t\t<\/div>\n\t\t\t\t<div class=\"elementor-element elementor-element-18389fb7 elementor-widget elementor-widget-text-editor\" data-id=\"18389fb7\" data-element_type=\"widget\" data-e-type=\"widget\" data-widget_type=\"text-editor.default\">\n\t\t\t\t<div class=\"elementor-widget-container\">\n\t\t\t\t\t\t\t\t\tWir erkennen jede Sicherheitsverletzung, auch bei einem Factory Reset des Ger\u00e4ts.\t\t\t\t\t\t\t\t<\/div>\n\t\t\t\t<\/div>\n\t\t\t\t\t<\/div>\n\t\t<\/div>\n\t\t\t\t<div class=\"elementor-column elementor-col-33 elementor-inner-column elementor-element elementor-element-1c57895\" data-id=\"1c57895\" data-element_type=\"column\" data-e-type=\"column\">\n\t\t\t<div class=\"elementor-widget-wrap elementor-element-populated\">\n\t\t\t\t\t\t<div class=\"elementor-element elementor-element-3d36686 elementor-widget elementor-widget-image\" data-id=\"3d36686\" data-element_type=\"widget\" data-e-type=\"widget\" data-widget_type=\"image.default\">\n\t\t\t\t<div class=\"elementor-widget-container\">\n\t\t\t\t\t\t\t\t\t\t\t\t\t\t\t<img decoding=\"async\" width=\"192\" height=\"191\" src=\"https:\/\/www.pictrue.it\/wp-content\/uploads\/2025\/11\/23.png\" class=\"attachment-large size-large wp-image-2362\" alt=\"\" srcset=\"https:\/\/www.pictrue.it\/wp-content\/uploads\/2025\/11\/23.png 192w, https:\/\/www.pictrue.it\/wp-content\/uploads\/2025\/11\/23-150x150.png 150w\" sizes=\"(max-width: 192px) 100vw, 192px\" \/>\t\t\t\t\t\t\t\t\t\t\t\t\t\t\t<\/div>\n\t\t\t\t<\/div>\n\t\t\t\t<div class=\"elementor-element elementor-element-ba1aa13 elementor-widget elementor-widget-heading\" data-id=\"ba1aa13\" data-element_type=\"widget\" data-e-type=\"widget\" data-widget_type=\"heading.default\">\n\t\t\t\t<div class=\"elementor-widget-container\">\n\t\t\t\t\t<h2 class=\"elementor-heading-title elementor-size-default\">Sicherheit<\/h2>\t\t\t\t<\/div>\n\t\t\t\t<\/div>\n\t\t\t\t<div class=\"elementor-element elementor-element-fbb05ef elementor-widget elementor-widget-text-editor\" data-id=\"fbb05ef\" data-element_type=\"widget\" data-e-type=\"widget\" data-widget_type=\"text-editor.default\">\n\t\t\t\t<div class=\"elementor-widget-container\">\n\t\t\t\t\t\t\t\t\tPermanente \u00dcberpr\u00fcfung der Quelle, des Inhalts und des Ger\u00e4ts.\t\t\t\t\t\t\t\t<\/div>\n\t\t\t\t<\/div>\n\t\t\t\t\t<\/div>\n\t\t<\/div>\n\t\t\t\t<div class=\"elementor-column elementor-col-33 elementor-inner-column elementor-element elementor-element-24fe08e8\" data-id=\"24fe08e8\" data-element_type=\"column\" data-e-type=\"column\">\n\t\t\t<div class=\"elementor-widget-wrap elementor-element-populated\">\n\t\t\t\t\t\t<div class=\"elementor-element elementor-element-761944e9 elementor-widget elementor-widget-image\" data-id=\"761944e9\" data-element_type=\"widget\" data-e-type=\"widget\" data-widget_type=\"image.default\">\n\t\t\t\t<div class=\"elementor-widget-container\">\n\t\t\t\t\t\t\t\t\t\t\t\t\t\t\t<img decoding=\"async\" width=\"153\" height=\"188\" src=\"https:\/\/www.pictrue.it\/wp-content\/uploads\/2025\/11\/24.png\" class=\"attachment-large size-large wp-image-2363\" alt=\"\" \/>\t\t\t\t\t\t\t\t\t\t\t\t\t\t\t<\/div>\n\t\t\t\t<\/div>\n\t\t\t\t<div class=\"elementor-element elementor-element-3519ad17 elementor-widget elementor-widget-heading\" data-id=\"3519ad17\" data-element_type=\"widget\" data-e-type=\"widget\" data-widget_type=\"heading.default\">\n\t\t\t\t<div class=\"elementor-widget-container\">\n\t\t\t\t\t<h2 class=\"elementor-heading-title elementor-size-default\">Vertraulichkeit<\/h2>\t\t\t\t<\/div>\n\t\t\t\t<\/div>\n\t\t\t\t<div class=\"elementor-element elementor-element-43a62258 elementor-widget elementor-widget-text-editor\" data-id=\"43a62258\" data-element_type=\"widget\" data-e-type=\"widget\" data-widget_type=\"text-editor.default\">\n\t\t\t\t<div class=\"elementor-widget-container\">\n\t\t\t\t\t\t\t\t\tNicht einmal picT\u042fUE kann auf Ihre Daten zugreifen, denn Datenschutz ist kein Etikett.\t\t\t\t\t\t\t\t<\/div>\n\t\t\t\t<\/div>\n\t\t\t\t\t<\/div>\n\t\t<\/div>\n\t\t\t\t\t<\/div>\n\t\t<\/section>\n\t\t\t\t\t<\/div>\n\t\t<\/div>\n\t\t\t\t\t<\/div>\n\t\t<\/section>\n\t\t\t\t<section class=\"elementor-section elementor-top-section elementor-element elementor-element-3fd8dddd elementor-section-height-min-height elementor-section-content-middle elementor-section-boxed elementor-section-height-default elementor-section-items-middle wpr-particle-no wpr-jarallax-no wpr-parallax-no wpr-sticky-section-no\" data-id=\"3fd8dddd\" data-element_type=\"section\" data-e-type=\"section\" data-settings=\"{&quot;background_background&quot;:&quot;classic&quot;}\">\n\t\t\t\t\t\t<div class=\"elementor-container elementor-column-gap-default\">\n\t\t\t\t\t<div class=\"elementor-column elementor-col-100 elementor-top-column elementor-element elementor-element-362fe6b7\" data-id=\"362fe6b7\" data-element_type=\"column\" data-e-type=\"column\">\n\t\t\t<div class=\"elementor-widget-wrap elementor-element-populated\">\n\t\t\t\t\t\t<div class=\"elementor-element elementor-element-5cbb8dad elementor-widget elementor-widget-heading\" data-id=\"5cbb8dad\" data-element_type=\"widget\" data-e-type=\"widget\" data-widget_type=\"heading.default\">\n\t\t\t\t<div class=\"elementor-widget-container\">\n\t\t\t\t\t<h2 class=\"elementor-heading-title elementor-size-default\">die L\u00f6sung<\/h2>\t\t\t\t<\/div>\n\t\t\t\t<\/div>\n\t\t\t\t<div class=\"elementor-element elementor-element-1d0136a5 elementor-widget elementor-widget-text-editor\" data-id=\"1d0136a5\" data-element_type=\"widget\" data-e-type=\"widget\" data-widget_type=\"text-editor.default\">\n\t\t\t\t<div class=\"elementor-widget-container\">\n\t\t\t\t\t\t\t\t\tArchitektur\t\t\t\t\t\t\t\t<\/div>\n\t\t\t\t<\/div>\n\t\t\t\t<div class=\"elementor-element elementor-element-746768a5 elementor-widget elementor-widget-text-editor\" data-id=\"746768a5\" data-element_type=\"widget\" data-e-type=\"widget\" data-widget_type=\"text-editor.default\">\n\t\t\t\t<div class=\"elementor-widget-container\">\n\t\t\t\t\t\t\t\t\tZertifiziertes Ger\u00e4t \u2192 Private Cloud-Infrastruktur \u2192 Arbeitsumgebung\t\t\t\t\t\t\t\t<\/div>\n\t\t\t\t<\/div>\n\t\t\t\t<section class=\"elementor-section elementor-inner-section elementor-element elementor-element-1c6fcece elementor-reverse-mobile elementor-section-boxed elementor-section-height-default elementor-section-height-default wpr-particle-no wpr-jarallax-no wpr-parallax-no wpr-sticky-section-no\" data-id=\"1c6fcece\" data-element_type=\"section\" data-e-type=\"section\">\n\t\t\t\t\t\t<div class=\"elementor-container elementor-column-gap-default\">\n\t\t\t\t\t<div class=\"elementor-column elementor-col-50 elementor-inner-column elementor-element elementor-element-7e85294e\" data-id=\"7e85294e\" data-element_type=\"column\" data-e-type=\"column\">\n\t\t\t<div class=\"elementor-widget-wrap elementor-element-populated\">\n\t\t\t\t\t\t<div class=\"elementor-element elementor-element-f4f918b elementor-widget elementor-widget-text-editor\" data-id=\"f4f918b\" data-element_type=\"widget\" data-e-type=\"widget\" data-widget_type=\"text-editor.default\">\n\t\t\t\t<div class=\"elementor-widget-container\">\n\t\t\t\t\t\t\t\t\tWir delegieren die \u00dcberpr\u00fcfung\nder Realit\u00e4t nicht an externe Technologien\noder auf KI basierende Technologien. Die Realit\u00e4t muss zug\u00e4nglich, \u00fcberpr\u00fcfbar\nund unabh\u00e4ngig bleiben  \t\t\t\t\t\t\t\t<\/div>\n\t\t\t\t<\/div>\n\t\t\t\t\t<\/div>\n\t\t<\/div>\n\t\t\t\t<div class=\"elementor-column elementor-col-50 elementor-inner-column elementor-element elementor-element-3b23c3de\" data-id=\"3b23c3de\" data-element_type=\"column\" data-e-type=\"column\">\n\t\t\t<div class=\"elementor-widget-wrap elementor-element-populated\">\n\t\t\t\t\t\t<div class=\"elementor-element elementor-element-2030bae elementor-widget elementor-widget-image\" data-id=\"2030bae\" data-element_type=\"widget\" data-e-type=\"widget\" data-widget_type=\"image.default\">\n\t\t\t\t<div class=\"elementor-widget-container\">\n\t\t\t\t\t\t\t\t\t\t\t\t\t\t\t<img loading=\"lazy\" decoding=\"async\" width=\"524\" height=\"687\" src=\"https:\/\/www.pictrue.it\/wp-content\/uploads\/2025\/11\/39.png\" class=\"attachment-large size-large wp-image-2377\" alt=\"\" srcset=\"https:\/\/www.pictrue.it\/wp-content\/uploads\/2025\/11\/39.png 524w, https:\/\/www.pictrue.it\/wp-content\/uploads\/2025\/11\/39-229x300.png 229w\" sizes=\"(max-width: 524px) 100vw, 524px\" \/>\t\t\t\t\t\t\t\t\t\t\t\t\t\t\t<\/div>\n\t\t\t\t<\/div>\n\t\t\t\t\t<\/div>\n\t\t<\/div>\n\t\t\t\t\t<\/div>\n\t\t<\/section>\n\t\t\t\t\t<\/div>\n\t\t<\/div>\n\t\t\t\t\t<\/div>\n\t\t<\/section>\n\t\t\t\t<\/div>\n\t\t","protected":false},"excerpt":{"rendered":"<p>Authentizit\u00e4t, Sicherheit, Unabh\u00e4ngigkeit. Ein digitales \u00d6kosystem, das die gesamte \u00dcberwachungskette zertifiziert, von der Erstellung des Bildes bis zu seiner Nutzung UNSERE TECHNOLOGIE Warum ist sie anders? Zuverl\u00e4ssigkeit Wir erkennen jede Sicherheitsverletzung, auch bei einem Factory Reset des Ger\u00e4ts. Sicherheit Permanente \u00dcberpr\u00fcfung der Quelle, des Inhalts und des Ger\u00e4ts. Vertraulichkeit Nicht einmal picT\u042fUE kann auf Ihre Daten zugreifen, denn Datenschutz ist kein Etikett. die L\u00f6sung ArchitekturZertifiziertes Ger\u00e4t \u2192 Private Cloud-Infrastruktur \u2192 ArbeitsumgebungWir delegieren die \u00dcberpr\u00fcfung der Realit\u00e4t nicht an externe Technologien oder auf KI basierende Technologien. Die Realit\u00e4t muss zug\u00e4nglich, \u00fcberpr\u00fcfbar und unabh\u00e4ngig bleiben<\/p>\n","protected":false},"author":11,"featured_media":0,"parent":0,"menu_order":0,"comment_status":"closed","ping_status":"closed","template":"elementor_header_footer","meta":{"site-sidebar-layout":"no-sidebar","site-content-layout":"","ast-site-content-layout":"full-width-container","site-content-style":"default","site-sidebar-style":"default","ast-global-header-display":"","ast-banner-title-visibility":"","ast-main-header-display":"","ast-hfb-above-header-display":"","ast-hfb-below-header-display":"","ast-hfb-mobile-header-display":"","site-post-title":"disabled","ast-breadcrumbs-content":"","ast-featured-img":"disabled","footer-sml-layout":"","theme-transparent-header-meta":"","adv-header-id-meta":"","stick-header-meta":"","header-above-stick-meta":"","header-main-stick-meta":"","header-below-stick-meta":"","astra-migrate-meta-layouts":"default","ast-page-background-enabled":"default","ast-page-background-meta":{"desktop":{"background-color":"var(--ast-global-color-4)","background-image":"","background-repeat":"repeat","background-position":"center center","background-size":"auto","background-attachment":"scroll","background-type":"","background-media":"","overlay-type":"","overlay-color":"","overlay-opacity":"","overlay-gradient":""},"tablet":{"background-color":"","background-image":"","background-repeat":"repeat","background-position":"center center","background-size":"auto","background-attachment":"scroll","background-type":"","background-media":"","overlay-type":"","overlay-color":"","overlay-opacity":"","overlay-gradient":""},"mobile":{"background-color":"","background-image":"","background-repeat":"repeat","background-position":"center center","background-size":"auto","background-attachment":"scroll","background-type":"","background-media":"","overlay-type":"","overlay-color":"","overlay-opacity":"","overlay-gradient":""}},"ast-content-background-meta":{"desktop":{"background-color":"var(--ast-global-color-5)","background-image":"","background-repeat":"repeat","background-position":"center center","background-size":"auto","background-attachment":"scroll","background-type":"","background-media":"","overlay-type":"","overlay-color":"","overlay-opacity":"","overlay-gradient":""},"tablet":{"background-color":"var(--ast-global-color-5)","background-image":"","background-repeat":"repeat","background-position":"center center","background-size":"auto","background-attachment":"scroll","background-type":"","background-media":"","overlay-type":"","overlay-color":"","overlay-opacity":"","overlay-gradient":""},"mobile":{"background-color":"var(--ast-global-color-5)","background-image":"","background-repeat":"repeat","background-position":"center center","background-size":"auto","background-attachment":"scroll","background-type":"","background-media":"","overlay-type":"","overlay-color":"","overlay-opacity":"","overlay-gradient":""}},"footnotes":""},"class_list":["post-2407","page","type-page","status-publish","hentry"],"yoast_head":"\n<title>INNOVATION - Pictrue<\/title>\n<meta name=\"description\" content=\"picT\u042fUE ist die digitale Plattform Made in Italy, zur Verifizierung und Authentifizierung digitaler Inhalte als verl\u00e4ssliche Abbildung der realen Welt.\" \/>\n<meta name=\"robots\" content=\"index, follow, max-snippet:-1, max-image-preview:large, max-video-preview:-1\" \/>\n<link rel=\"canonical\" href=\"https:\/\/www.pictrue.it\/de\/innovation\/\" \/>\n<meta property=\"og:locale\" content=\"de_DE\" \/>\n<meta property=\"og:type\" content=\"article\" \/>\n<meta property=\"og:title\" content=\"Innovation - Pictrue\" \/>\n<meta property=\"og:description\" content=\"picT\u042fUE ist die digitale Plattform Made in Italy, zur Verifizierung und Authentifizierung digitaler Inhalte als verl\u00e4ssliche Abbildung der realen Welt.\" \/>\n<meta property=\"og:url\" content=\"https:\/\/www.pictrue.it\/de\/innovation\/\" \/>\n<meta property=\"og:site_name\" content=\"Pictrue\" \/>\n<meta property=\"article:publisher\" content=\"https:\/\/www.facebook.com\/profile.php?id=61578170397146&amp;mibextid=wwXIfr&amp;rdid=R3hAs3kkzE8Vl2wJ&amp;share_url=httpswww.facebook.comshare14QCuTaX38amibextidwwXIfr#\" \/>\n<meta property=\"article:modified_time\" content=\"2025-12-16T16:56:11+00:00\" \/>\n<meta property=\"og:image\" content=\"https:\/\/www.pictrue.it\/wp-content\/uploads\/2025\/11\/3.png\" \/>\n<meta name=\"twitter:card\" content=\"summary_large_image\" \/>\n<meta name=\"twitter:label1\" content=\"Gesch\u00e4tzte Lesezeit\" \/>\n\t<meta name=\"twitter:data1\" content=\"1\u00a0Minute\" \/>\n<script type=\"application\/ld+json\" class=\"yoast-schema-graph\">{\"@context\":\"https:\/\/schema.org\",\"@graph\":[{\"@type\":\"WebPage\",\"@id\":\"https:\/\/www.pictrue.it\/de\/innovation\/\",\"url\":\"https:\/\/www.pictrue.it\/de\/innovation\/\",\"name\":\"INNOVATION - Pictrue\",\"isPartOf\":{\"@id\":\"https:\/\/www.pictrue.it\/de\/#website\"},\"primaryImageOfPage\":{\"@id\":\"https:\/\/www.pictrue.it\/de\/innovation\/#primaryimage\"},\"image\":{\"@id\":\"https:\/\/www.pictrue.it\/de\/innovation\/#primaryimage\"},\"thumbnailUrl\":\"https:\/\/www.pictrue.it\/wp-content\/uploads\/2025\/11\/22.png\",\"datePublished\":\"2025-11-04T23:42:00+00:00\",\"dateModified\":\"2025-12-16T16:56:11+00:00\",\"description\":\"picT\u042fUE ist die digitale Plattform Made in Italy, zur Verifizierung und Authentifizierung digitaler Inhalte als verl\u00e4ssliche Abbildung der realen Welt.\",\"breadcrumb\":{\"@id\":\"https:\/\/www.pictrue.it\/de\/innovation\/#breadcrumb\"},\"inLanguage\":\"de\",\"potentialAction\":[{\"@type\":\"ReadAction\",\"target\":[\"https:\/\/www.pictrue.it\/de\/innovation\/\"]}]},{\"@type\":\"ImageObject\",\"inLanguage\":\"de\",\"@id\":\"https:\/\/www.pictrue.it\/de\/innovation\/#primaryimage\",\"url\":\"https:\/\/www.pictrue.it\/wp-content\/uploads\/2025\/11\/22.png\",\"contentUrl\":\"https:\/\/www.pictrue.it\/wp-content\/uploads\/2025\/11\/22.png\"},{\"@type\":\"BreadcrumbList\",\"@id\":\"https:\/\/www.pictrue.it\/de\/innovation\/#breadcrumb\",\"itemListElement\":[{\"@type\":\"ListItem\",\"position\":1,\"name\":\"Home\",\"item\":\"https:\/\/www.pictrue.it\/de\/homepage-pictrue\/\"},{\"@type\":\"ListItem\",\"position\":2,\"name\":\"INNOVATION\"}]},{\"@type\":\"WebSite\",\"@id\":\"https:\/\/www.pictrue.it\/de\/#website\",\"url\":\"https:\/\/www.pictrue.it\/de\/\",\"name\":\"Pictrue\",\"description\":\"\",\"publisher\":{\"@id\":\"https:\/\/www.pictrue.it\/de\/#organization\"},\"potentialAction\":[{\"@type\":\"SearchAction\",\"target\":{\"@type\":\"EntryPoint\",\"urlTemplate\":\"https:\/\/www.pictrue.it\/de\/?s={search_term_string}\"},\"query-input\":{\"@type\":\"PropertyValueSpecification\",\"valueRequired\":true,\"valueName\":\"search_term_string\"}}],\"inLanguage\":\"de\"},{\"@type\":\"Organization\",\"@id\":\"https:\/\/www.pictrue.it\/de\/#organization\",\"name\":\"Pictrue\",\"url\":\"https:\/\/www.pictrue.it\/de\/\",\"logo\":{\"@type\":\"ImageObject\",\"inLanguage\":\"de\",\"@id\":\"https:\/\/www.pictrue.it\/de\/#\/schema\/logo\/image\/\",\"url\":\"https:\/\/www.pictrue.it\/wp-content\/uploads\/2025\/11\/3.png\",\"contentUrl\":\"https:\/\/www.pictrue.it\/wp-content\/uploads\/2025\/11\/3.png\",\"width\":1323,\"height\":333,\"caption\":\"Pictrue\"},\"image\":{\"@id\":\"https:\/\/www.pictrue.it\/de\/#\/schema\/logo\/image\/\"},\"sameAs\":[\"https:\/\/www.facebook.com\/profile.php?id=61578170397146&mibextid=wwXIfr&rdid=R3hAs3kkzE8Vl2wJ&share_url=httpswww.facebook.comshare14QCuTaX38amibextidwwXIfr#\",\"https:\/\/www.linkedin.com\/company\/pictrue\/\",\"https:\/\/www.instagram.com\/pictrue_it\/\"]}]}<\/script>\n","yoast_head_json":{"title":"INNOVATION - Pictrue","description":"picT\u042fUE ist die digitale Plattform Made in Italy, zur Verifizierung und Authentifizierung digitaler Inhalte als verl\u00e4ssliche Abbildung der realen Welt.","robots":{"index":"index","follow":"follow","max-snippet":"max-snippet:-1","max-image-preview":"max-image-preview:large","max-video-preview":"max-video-preview:-1"},"canonical":"https:\/\/www.pictrue.it\/de\/innovation\/","og_locale":"de_DE","og_type":"article","og_title":"Innovation - Pictrue","og_description":"picT\u042fUE ist die digitale Plattform Made in Italy, zur Verifizierung und Authentifizierung digitaler Inhalte als verl\u00e4ssliche Abbildung der realen Welt.","og_url":"https:\/\/www.pictrue.it\/de\/innovation\/","og_site_name":"Pictrue","article_publisher":"https:\/\/www.facebook.com\/profile.php?id=61578170397146&mibextid=wwXIfr&rdid=R3hAs3kkzE8Vl2wJ&share_url=httpswww.facebook.comshare14QCuTaX38amibextidwwXIfr#","article_modified_time":"2025-12-16T16:56:11+00:00","og_image":[{"url":"https:\/\/www.pictrue.it\/wp-content\/uploads\/2025\/11\/3.png","type":"","width":"","height":""}],"twitter_card":"summary_large_image","twitter_misc":{"Gesch\u00e4tzte Lesezeit":"1\u00a0Minute"},"schema":{"@context":"https:\/\/schema.org","@graph":[{"@type":"WebPage","@id":"https:\/\/www.pictrue.it\/de\/innovation\/","url":"https:\/\/www.pictrue.it\/de\/innovation\/","name":"INNOVATION - Pictrue","isPartOf":{"@id":"https:\/\/www.pictrue.it\/de\/#website"},"primaryImageOfPage":{"@id":"https:\/\/www.pictrue.it\/de\/innovation\/#primaryimage"},"image":{"@id":"https:\/\/www.pictrue.it\/de\/innovation\/#primaryimage"},"thumbnailUrl":"https:\/\/www.pictrue.it\/wp-content\/uploads\/2025\/11\/22.png","datePublished":"2025-11-04T23:42:00+00:00","dateModified":"2025-12-16T16:56:11+00:00","description":"picT\u042fUE ist die digitale Plattform Made in Italy, zur Verifizierung und Authentifizierung digitaler Inhalte als verl\u00e4ssliche Abbildung der realen Welt.","breadcrumb":{"@id":"https:\/\/www.pictrue.it\/de\/innovation\/#breadcrumb"},"inLanguage":"de","potentialAction":[{"@type":"ReadAction","target":["https:\/\/www.pictrue.it\/de\/innovation\/"]}]},{"@type":"ImageObject","inLanguage":"de","@id":"https:\/\/www.pictrue.it\/de\/innovation\/#primaryimage","url":"https:\/\/www.pictrue.it\/wp-content\/uploads\/2025\/11\/22.png","contentUrl":"https:\/\/www.pictrue.it\/wp-content\/uploads\/2025\/11\/22.png"},{"@type":"BreadcrumbList","@id":"https:\/\/www.pictrue.it\/de\/innovation\/#breadcrumb","itemListElement":[{"@type":"ListItem","position":1,"name":"Home","item":"https:\/\/www.pictrue.it\/de\/homepage-pictrue\/"},{"@type":"ListItem","position":2,"name":"INNOVATION"}]},{"@type":"WebSite","@id":"https:\/\/www.pictrue.it\/de\/#website","url":"https:\/\/www.pictrue.it\/de\/","name":"Pictrue","description":"","publisher":{"@id":"https:\/\/www.pictrue.it\/de\/#organization"},"potentialAction":[{"@type":"SearchAction","target":{"@type":"EntryPoint","urlTemplate":"https:\/\/www.pictrue.it\/de\/?s={search_term_string}"},"query-input":{"@type":"PropertyValueSpecification","valueRequired":true,"valueName":"search_term_string"}}],"inLanguage":"de"},{"@type":"Organization","@id":"https:\/\/www.pictrue.it\/de\/#organization","name":"Pictrue","url":"https:\/\/www.pictrue.it\/de\/","logo":{"@type":"ImageObject","inLanguage":"de","@id":"https:\/\/www.pictrue.it\/de\/#\/schema\/logo\/image\/","url":"https:\/\/www.pictrue.it\/wp-content\/uploads\/2025\/11\/3.png","contentUrl":"https:\/\/www.pictrue.it\/wp-content\/uploads\/2025\/11\/3.png","width":1323,"height":333,"caption":"Pictrue"},"image":{"@id":"https:\/\/www.pictrue.it\/de\/#\/schema\/logo\/image\/"},"sameAs":["https:\/\/www.facebook.com\/profile.php?id=61578170397146&mibextid=wwXIfr&rdid=R3hAs3kkzE8Vl2wJ&share_url=httpswww.facebook.comshare14QCuTaX38amibextidwwXIfr#","https:\/\/www.linkedin.com\/company\/pictrue\/","https:\/\/www.instagram.com\/pictrue_it\/"]}]}},"_links":{"self":[{"href":"https:\/\/www.pictrue.it\/de\/wp-json\/wp\/v2\/pages\/2407","targetHints":{"allow":["GET"]}}],"collection":[{"href":"https:\/\/www.pictrue.it\/de\/wp-json\/wp\/v2\/pages"}],"about":[{"href":"https:\/\/www.pictrue.it\/de\/wp-json\/wp\/v2\/types\/page"}],"author":[{"embeddable":true,"href":"https:\/\/www.pictrue.it\/de\/wp-json\/wp\/v2\/users\/11"}],"replies":[{"embeddable":true,"href":"https:\/\/www.pictrue.it\/de\/wp-json\/wp\/v2\/comments?post=2407"}],"version-history":[{"count":1,"href":"https:\/\/www.pictrue.it\/de\/wp-json\/wp\/v2\/pages\/2407\/revisions"}],"predecessor-version":[{"id":2408,"href":"https:\/\/www.pictrue.it\/de\/wp-json\/wp\/v2\/pages\/2407\/revisions\/2408"}],"wp:attachment":[{"href":"https:\/\/www.pictrue.it\/de\/wp-json\/wp\/v2\/media?parent=2407"}],"curies":[{"name":"wp","href":"https:\/\/api.w.org\/{rel}","templated":true}]}}